{"id":77,"date":"2020-04-05T21:18:12","date_gmt":"2020-04-05T19:18:12","guid":{"rendered":"http:\/\/hrprojekt.pl\/?page_id=77"},"modified":"2020-04-05T21:18:13","modified_gmt":"2020-04-05T19:18:13","slug":"kim-jestem-jakie-sa-moje-przekonania-o-sobie","status":"publish","type":"page","link":"https:\/\/hrprojekt.pl\/?page_id=77","title":{"rendered":"Kim jestem? Jakie s\u0105 moje przekonania o sobie?"},"content":{"rendered":"\n<p>Kim jestem? Jakie s\u0105 moje przekonania o sobie? Te pozornie proste pytania okazuj\u0105 si\u0119 mie\u0107 dla ludzi kluczowe znaczenie. Przekonania o sobie w du\u017cej mierze kszta\u0142tuj\u0105 nasz\u0105 psychik\u0119 i kontroluj\u0105 \u017cycie, przenikaj\u0105 jego wszystkie obszary. Decyduj\u0105 o tym czy stajemy si\u0119 tymi, kt\u00f3rymi chcemy by\u0107 i osi\u0105gamy to, co stanowi dla nas warto\u015b\u0107. Jak to mo\u017cliwe, \u017ce jedni osi\u0105gaj\u0105 wszystko, o czym tylko zamarz\u0105 a inni w ka\u017cdej sytuacji zawodowej czy prywatnej nieustannie walcz\u0105 by udowodni\u0107 \u015bwiatu swoj\u0105 warto\u015b\u0107? Okazuje si\u0119, \u017ce odpowiadaj\u0105 za to nasze indywidualne nastawienia: na rozw\u00f3j lub na trwa\u0142o\u015b\u0107. Czy mo\u017cna je zmieni\u0107 i tym samym zwi\u0119kszy\u0107 szans\u0119 na osi\u0105ganie sukces\u00f3w? W jaki spos\u00f3b? W swojej ksi\u0105\u017cce Carol Dweck odpowiada na wiele pyta\u0144 dotycz\u0105cych tajemnicy psychologii sukcesu. Pozycja warta przeczytania, nie tylko godna polecenia mened\u017cerom ale tak\u017ce studentom trudnej sztuki Executive Coaching;)<\/p>\n\n\n\n<p><img decoding=\"async\" width=\"150\" height=\"168\" class=\"wp-image-78\" style=\"width: 150px;\" src=\"http:\/\/hrprojekt.pl\/wp-content\/uploads\/2020\/04\/nowa_psychologia_sukcesu.jpg\" alt=\"\" srcset=\"https:\/\/hrprojekt.pl\/wp-content\/uploads\/2020\/04\/nowa_psychologia_sukcesu.jpg 1536w, https:\/\/hrprojekt.pl\/wp-content\/uploads\/2020\/04\/nowa_psychologia_sukcesu-268x300.jpg 268w, https:\/\/hrprojekt.pl\/wp-content\/uploads\/2020\/04\/nowa_psychologia_sukcesu-916x1024.jpg 916w, https:\/\/hrprojekt.pl\/wp-content\/uploads\/2020\/04\/nowa_psychologia_sukcesu-768x859.jpg 768w, https:\/\/hrprojekt.pl\/wp-content\/uploads\/2020\/04\/nowa_psychologia_sukcesu-1374x1536.jpg 1374w\" sizes=\"(max-width: 150px) 100vw, 150px\" \/><\/p>\n\n\n\n<p><\/p>\n\n\n\n<p><\/p>\n","protected":false},"excerpt":{"rendered":"<p>Kim jestem? Jakie s\u0105 moje przekonania o sobie? Te pozornie proste pytania okazuj\u0105 si\u0119 mie\u0107 dla ludzi kluczowe znaczenie. Przekonania o sobie w du\u017cej mierze kszta\u0142tuj\u0105 nasz\u0105 psychik\u0119 i kontroluj\u0105 \u017cycie, przenikaj\u0105 jego wszystkie obszary. Decyduj\u0105 o tym czy stajemy si\u0119 tymi, kt\u00f3rymi chcemy by\u0107 i osi\u0105gamy to, co stanowi dla nas warto\u015b\u0107. Jak to [&hellip;]<\/p>\n","protected":false},"author":1,"featured_media":0,"parent":0,"menu_order":0,"comment_status":"closed","ping_status":"closed","template":"","meta":{"site-sidebar-layout":"default","site-content-layout":"default","ast-site-content-layout":"","site-content-style":"default","site-sidebar-style":"default","ast-global-header-display":"","ast-banner-title-visibility":"","ast-main-header-display":"","ast-hfb-above-header-display":"","ast-hfb-below-header-display":"","ast-hfb-mobile-header-display":"","site-post-title":"","ast-breadcrumbs-content":"","ast-featured-img":"","footer-sml-layout":"","theme-transparent-header-meta":"default","adv-header-id-meta":"","stick-header-meta":"","header-above-stick-meta":"","header-main-stick-meta":"","header-below-stick-meta":"","astra-migrate-meta-layouts":"default","ast-page-background-enabled":"default","ast-page-background-meta":{"desktop":{"background-color":"var(--ast-global-color-4)","background-image":"","background-repeat":"repeat","background-position":"center center","background-size":"auto","background-attachment":"scroll","background-type":"","background-media":"","overlay-type":"","overlay-color":"","overlay-gradient":""},"tablet":{"background-color":"","background-image":"","background-repeat":"repeat","background-position":"center center","background-size":"auto","background-attachment":"scroll","background-type":"","background-media":"","overlay-type":"","overlay-color":"","overlay-gradient":""},"mobile":{"background-color":"","background-image":"","background-repeat":"repeat","background-position":"center center","background-size":"auto","background-attachment":"scroll","background-type":"","background-media":"","overlay-type":"","overlay-color":"","overlay-gradient":""}},"ast-content-background-meta":{"desktop":{"background-color":"var(--ast-global-color-5)","background-image":"","background-repeat":"repeat","background-position":"center center","background-size":"auto","background-attachment":"scroll","background-type":"","background-media":"","overlay-type":"","overlay-color":"","overlay-gradient":""},"tablet":{"background-color":"var(--ast-global-color-5)","background-image":"","background-repeat":"repeat","background-position":"center center","background-size":"auto","background-attachment":"scroll","background-type":"","background-media":"","overlay-type":"","overlay-color":"","overlay-gradient":""},"mobile":{"background-color":"var(--ast-global-color-5)","background-image":"","background-repeat":"repeat","background-position":"center center","background-size":"auto","background-attachment":"scroll","background-type":"","background-media":"","overlay-type":"","overlay-color":"","overlay-gradient":""}},"footnotes":""},"_links":{"self":[{"href":"https:\/\/hrprojekt.pl\/index.php?rest_route=\/wp\/v2\/pages\/77"}],"collection":[{"href":"https:\/\/hrprojekt.pl\/index.php?rest_route=\/wp\/v2\/pages"}],"about":[{"href":"https:\/\/hrprojekt.pl\/index.php?rest_route=\/wp\/v2\/types\/page"}],"author":[{"embeddable":true,"href":"https:\/\/hrprojekt.pl\/index.php?rest_route=\/wp\/v2\/users\/1"}],"replies":[{"embeddable":true,"href":"https:\/\/hrprojekt.pl\/index.php?rest_route=%2Fwp%2Fv2%2Fcomments&post=77"}],"version-history":[{"count":1,"href":"https:\/\/hrprojekt.pl\/index.php?rest_route=\/wp\/v2\/pages\/77\/revisions"}],"predecessor-version":[{"id":92,"href":"https:\/\/hrprojekt.pl\/index.php?rest_route=\/wp\/v2\/pages\/77\/revisions\/92"}],"wp:attachment":[{"href":"https:\/\/hrprojekt.pl\/index.php?rest_route=%2Fwp%2Fv2%2Fmedia&parent=77"}],"curies":[{"name":"wp","href":"https:\/\/api.w.org\/{rel}","templated":true}]}}